{"id":32,"date":"2025-02-08T09:04:16","date_gmt":"2025-02-08T09:04:16","guid":{"rendered":"https:\/\/cileligrupenerji.com.tr\/?page_id=32"},"modified":"2025-05-10T09:58:06","modified_gmt":"2025-05-10T09:58:06","slug":"iletisim","status":"publish","type":"page","link":"https:\/\/cileligrupenerji.com.tr\/?page_id=32","title":{"rendered":"Kurumsal"},"content":{"rendered":"\n<p>Hakk\u0131m\u0131zda<\/p>\n\n\n\n<figure class=\"wp-block-image size-large\"><img loading=\"lazy\" decoding=\"async\" width=\"1024\" height=\"451\" src=\"https:\/\/cileligrupenerji.com.tr\/wp-content\/uploads\/2025\/04\/image-1024x451.png\" alt=\"\" class=\"wp-image-67\" srcset=\"https:\/\/cileligrupenerji.com.tr\/wp-content\/uploads\/2025\/04\/image-1024x451.png 1024w, https:\/\/cileligrupenerji.com.tr\/wp-content\/uploads\/2025\/04\/image-300x132.png 300w, https:\/\/cileligrupenerji.com.tr\/wp-content\/uploads\/2025\/04\/image-768x338.png 768w, https:\/\/cileligrupenerji.com.tr\/wp-content\/uploads\/2025\/04\/image.png 1141w\" sizes=\"auto, (max-width: 1024px) 100vw, 1024px\" \/><\/figure>\n\n\n\n<p>  \u00c7\u0130LEL\u0130 ELEKTR\u0130K 1996 y\u0131l\u0131nda elektrik sistemleri bak\u0131m, onar\u0131m, projelendirme ve m\u00fchendislik hizmetiyle sekt\u00f6re giri\u015f yapt\u0131. Kaliteli hizmeti, yenilik\u00e7i ve arz talep ili\u015fkisini g\u00f6z \u00f6n\u00fcnde bulunduran bak\u0131\u015f a\u00e7\u0131s\u0131yla sekt\u00f6rde h\u0131zl\u0131 ve emin ad\u0131mlarla ilerlemeye ba\u015flad\u0131. \u00c7\u0130LEL\u0130 GRUP ENERJ\u0130 2021 y\u0131l\u0131nda d\u00fcnyada ihtiya\u00e7 duyulan en \u00f6nemli kaynaklardan birisi olan g\u00fcne\u015f enerjisi sekt\u00f6r\u00fcne yat\u0131r\u0131m yapmaya ba\u015flayarak hizmet sekt\u00f6r\u00fcn\u00fc \u00e7ok geni\u015f bir yelpazeye ta\u015f\u0131d\u0131. \u00c7\u0130LEL\u0130 GRUP ENERJ\u0130 \u015fehirler giri\u015fimlerde bulunarak \u00f6ncelikle \u00fclkemiz i\u00e7in kaliteli, d\u00fcr\u00fcst ve disiplinli bir \u015fekilde hizmet vermeye devam ediyor.<br>\u00c7\u0130LEL\u0130 ELEKTR\u0130K VE \u00c7\u0130LEL\u0130 GRUP ENERJ\u0130 , alan\u0131nda tecr\u00fcbeli kadrosuyla kuruldu\u011fu ilk g\u00fcnden bu yana vizyoner projeleriyle sekt\u00f6r\u00fcnde \u00f6nc\u00fc \u00e7al\u0131\u015fmalara imza atmay\u0131 hedefliyor.<br>\u00c7\u0130LEL\u0130 GRUP ENERJ\u0130 (\u00c7GE) , g\u00fcne\u015f enerjisi santral imalat\u0131 ve montaj\u0131. \u00dcr\u00fcn ve hizmetlerinin uluslararas\u0131 yetkinlik, kalite ve standartta kar\u015f\u0131layacak d\u00fczeyde olmas\u0131na \u00f6nem verir. \u00c7\u0130LEL\u0130 GRUP ENERJ\u0130 (\u00c7GE) G\u00fcne\u015f enerji sistemlerinin proje geli\u015ftirme, tasar\u0131m, devreye alma ve bak\u0131m hizmetlerini uzman teknik ekibiyle kendi b\u00fcnyesinde ger\u00e7ekle\u015ftirir.<br>, T\u00fcrkiye standartlar\u0131na uygun \u00e7al\u0131\u015fan, teknolojik geli\u015fmelere adaptasyon sa\u011flayabilen, bulundu\u011fu sekt\u00f6rde ilk akla gelen firma olmay\u0131 hedeflemi\u015ftir.<\/p>\n\n\n\n<figure class=\"wp-block-image size-large\"><img loading=\"lazy\" decoding=\"async\" width=\"1024\" height=\"545\" src=\"https:\/\/cileligrupenerji.com.tr\/wp-content\/uploads\/2025\/04\/image-1-1024x545.png\" alt=\"\" class=\"wp-image-69\" srcset=\"https:\/\/cileligrupenerji.com.tr\/wp-content\/uploads\/2025\/04\/image-1-1024x545.png 1024w, https:\/\/cileligrupenerji.com.tr\/wp-content\/uploads\/2025\/04\/image-1-300x160.png 300w, https:\/\/cileligrupenerji.com.tr\/wp-content\/uploads\/2025\/04\/image-1-768x409.png 768w, https:\/\/cileligrupenerji.com.tr\/wp-content\/uploads\/2025\/04\/image-1-1536x818.png 1536w, https:\/\/cileligrupenerji.com.tr\/wp-content\/uploads\/2025\/04\/image-1.png 1920w\" sizes=\"auto, (max-width: 1024px) 100vw, 1024px\" \/><\/figure>\n\n\n\n<p><\/p>\n","protected":false},"excerpt":{"rendered":"<p>Hakk\u0131m\u0131zda \u00c7\u0130LEL\u0130 ELEKTR\u0130K 1996 y\u0131l\u0131nda elektrik sistemleri bak\u0131m, onar\u0131m, projelendirme ve m\u00fchendislik hizmetiyle sekt\u00f6re giri\u015f yapt\u0131. Kaliteli hizmeti, yenilik\u00e7i ve arz talep ili\u015fkisini g\u00f6z \u00f6n\u00fcnde bulunduran bak\u0131\u015f a\u00e7\u0131s\u0131yla sekt\u00f6rde h\u0131zl\u0131 ve emin ad\u0131mlarla ilerlemeye ba\u015flad\u0131. \u00c7\u0130LEL\u0130 GRUP ENERJ\u0130 2021 y\u0131l\u0131nda d\u00fcnyada ihtiya\u00e7 duyulan en \u00f6nemli kaynaklardan birisi olan g\u00fcne\u015f enerjisi sekt\u00f6r\u00fcne yat\u0131r\u0131m yapmaya ba\u015flayarak hizmet [&hellip;]<\/p>\n","protected":false},"author":1,"featured_media":0,"parent":0,"menu_order":0,"comment_status":"closed","ping_status":"closed","template":"fullwidth.php","meta":{"_joinchat":[],"footnotes":""},"class_list":["post-32","page","type-page","status-publish","hentry"],"_links":{"self":[{"href":"https:\/\/cileligrupenerji.com.tr\/index.php?rest_route=\/wp\/v2\/pages\/32","targetHints":{"allow":["GET"]}}],"collection":[{"href":"https:\/\/cileligrupenerji.com.tr\/index.php?rest_route=\/wp\/v2\/pages"}],"about":[{"href":"https:\/\/cileligrupenerji.com.tr\/index.php?rest_route=\/wp\/v2\/types\/page"}],"author":[{"embeddable":true,"href":"https:\/\/cileligrupenerji.com.tr\/index.php?rest_route=\/wp\/v2\/users\/1"}],"replies":[{"embeddable":true,"href":"https:\/\/cileligrupenerji.com.tr\/index.php?rest_route=%2Fwp%2Fv2%2Fcomments&post=32"}],"version-history":[{"count":5,"href":"https:\/\/cileligrupenerji.com.tr\/index.php?rest_route=\/wp\/v2\/pages\/32\/revisions"}],"predecessor-version":[{"id":70,"href":"https:\/\/cileligrupenerji.com.tr\/index.php?rest_route=\/wp\/v2\/pages\/32\/revisions\/70"}],"wp:attachment":[{"href":"https:\/\/cileligrupenerji.com.tr\/index.php?rest_route=%2Fwp%2Fv2%2Fmedia&parent=32"}],"curies":[{"name":"wp","href":"https:\/\/api.w.org\/{rel}","templated":true}]}}