{"id":24,"date":"2025-02-06T09:02:47","date_gmt":"2025-02-06T09:02:47","guid":{"rendered":"https:\/\/cileligrupenerji.com.tr\/?page_id=24"},"modified":"2025-05-10T08:22:50","modified_gmt":"2025-05-10T08:22:50","slug":"iletisim-2","status":"publish","type":"page","link":"https:\/\/cileligrupenerji.com.tr\/?page_id=24","title":{"rendered":"\u0130leti\u015fim"},"content":{"rendered":"\n<hr class=\"wp-block-separator has-alpha-channel-opacity\"\/>\n\n\n\n<p class=\"has-text-align-center\"><strong>&nbsp;&nbsp;0 (533) 661 16 42  \u2013 Yusuf \u00c7\u0130LEL\u0130<\/strong><\/p>\n\n\n\n<p class=\"has-text-align-center\"><strong>&nbsp;&nbsp;0 (531) 104 16 42 \u2013 \u0130smail \u00c7\u0130LEL\u0130<\/strong><\/p>\n\n\n\n<p class=\"has-text-align-center\"><strong>&nbsp;&nbsp;iletisim@cileligrupenerji.com.tr<\/strong><\/p>\n\n\n\n<hr class=\"wp-block-separator has-alpha-channel-opacity\"\/>\n\n\n\n<p class=\"has-text-align-center\">Merkez Ofis: <em>Ko\u011fukcinar mahallesi Dr.Sad\u0131k Ahmet Caddesi No:51-53d Osmangazi \/Bursa<\/em>\u00a0<\/p>\n\n\n\n<p class=\"has-text-align-center\">Depo Ve \u0130malat:<em>Samanl\u0131 mahallesi S\u0131nd\u0131rg\u0131 sk. No:30 Y\u0131ld\u0131r\u0131m \/Bursa<\/em>\u00a0<\/p>\n\n\n\n<hr class=\"wp-block-separator has-alpha-channel-opacity\"\/>\n\n\n\n<p class=\"has-text-align-center\"><br><a href=\"https:\/\/www.instagram.com\/cilelielektrik\/\">\u0130NSTAGRAM<\/a><\/p>\n\n\n\n<hr class=\"wp-block-separator has-alpha-channel-opacity\"\/>\n\n\n\n<p class=\"has-text-align-center\"><a href=\"https:\/\/maps.app.goo.gl\/2Bqf5SkUiC95jXtL6\" target=\"_self\">MERKEZ OF\u0130S YOLTAR\u0130F\u0130 \u0130\u00c7\u0130N TIKLAYIN<\/a> <\/p>\n\n\n\n<iframe src=\"https:\/\/www.google.com\/maps\/embed?pb=!1m18!1m12!1m3!1d190.4733055164513!2d29.066719495990778!3d40.19631772005991!2m3!1f0!2f0!3f0!3m2!1i1024!2i768!4f13.1!3m3!1m2!1s0x14ca3e12896a3cbd%3A0x2664bd8f00025ffb!2zS2_En3Vrw6fEsW5hciwgRHIuIFNhZMSxayBBaG1ldCBDZC4gTm86NTUsIDE2MjQwIE9zbWFuZ2F6acyHL0J1cnNh!5e0!3m2!1str!2str!4v1739008354806!5m2!1str!2str\" width=\"1060\" height=\"500\" style=\"border:10;\" allowfullscreen=\"\" loading=\"lazy\" referrerpolicy=\"no-referrer-when-downgrade\"><\/iframe>\n\n\n\n<p class=\"has-text-align-center\"><a href=\"https:\/\/maps.app.goo.gl\/dtmUyN6q2chncgMb7\" target=\"_self\">DEPO VE \u0130MALATHANE YOL TAR\u0130F\u0130 \u0130\u00c7\u0130N TIKLAYIN<\/a> <\/p>\n\n\n\n<iframe src=\"https:\/\/www.google.com\/maps\/embed?pb=!1m17!1m12!1m3!1d761.6598341529026!2d29.12142327596052!3d40.21708501769294!2m3!1f0!2f0!3f0!3m2!1i1024!2i768!4f13.1!3m2!1m1!2zNDDCsDEzJzAxLjUiTiAyOcKwMDcnMjEuNSJF!5e0!3m2!1str!2str!4v1746864393226!5m2!1str!2str\" width=\"1060\" height=\"500\" style=\"border:10;\" allowfullscreen=\"\" loading=\"lazy\" referrerpolicy=\"no-referrer-when-downgrade\"><\/iframe>\n\n\n\n<p><\/p>\n","protected":false},"excerpt":{"rendered":"<p>&nbsp;&nbsp;0 (533) 661 16 42 \u2013 Yusuf \u00c7\u0130LEL\u0130 &nbsp;&nbsp;0 (531) 104 16 42 \u2013 \u0130smail \u00c7\u0130LEL\u0130 &nbsp;&nbsp;iletisim@cileligrupenerji.com.tr Merkez Ofis: Ko\u011fukcinar mahallesi Dr.Sad\u0131k Ahmet Caddesi No:51-53d Osmangazi \/Bursa\u00a0 Depo Ve \u0130malat:Samanl\u0131 mahallesi S\u0131nd\u0131rg\u0131 sk. No:30 Y\u0131ld\u0131r\u0131m \/Bursa\u00a0 \u0130NSTAGRAM MERKEZ OF\u0130S YOLTAR\u0130F\u0130 \u0130\u00c7\u0130N TIKLAYIN DEPO VE \u0130MALATHANE YOL TAR\u0130F\u0130 \u0130\u00c7\u0130N TIKLAYIN<\/p>\n","protected":false},"author":1,"featured_media":0,"parent":0,"menu_order":0,"comment_status":"closed","ping_status":"closed","template":"fullwidth.php","meta":{"_joinchat":[],"footnotes":""},"class_list":["post-24","page","type-page","status-publish","hentry"],"_links":{"self":[{"href":"https:\/\/cileligrupenerji.com.tr\/index.php?rest_route=\/wp\/v2\/pages\/24","targetHints":{"allow":["GET"]}}],"collection":[{"href":"https:\/\/cileligrupenerji.com.tr\/index.php?rest_route=\/wp\/v2\/pages"}],"about":[{"href":"https:\/\/cileligrupenerji.com.tr\/index.php?rest_route=\/wp\/v2\/types\/page"}],"author":[{"embeddable":true,"href":"https:\/\/cileligrupenerji.com.tr\/index.php?rest_route=\/wp\/v2\/users\/1"}],"replies":[{"embeddable":true,"href":"https:\/\/cileligrupenerji.com.tr\/index.php?rest_route=%2Fwp%2Fv2%2Fcomments&post=24"}],"version-history":[{"count":24,"href":"https:\/\/cileligrupenerji.com.tr\/index.php?rest_route=\/wp\/v2\/pages\/24\/revisions"}],"predecessor-version":[{"id":104,"href":"https:\/\/cileligrupenerji.com.tr\/index.php?rest_route=\/wp\/v2\/pages\/24\/revisions\/104"}],"wp:attachment":[{"href":"https:\/\/cileligrupenerji.com.tr\/index.php?rest_route=%2Fwp%2Fv2%2Fmedia&parent=24"}],"curies":[{"name":"wp","href":"https:\/\/api.w.org\/{rel}","templated":true}]}}